{"id":27,"date":"2020-12-28T18:32:42","date_gmt":"2020-12-28T17:32:42","guid":{"rendered":"https:\/\/atiouest.fr\/?page_id=27"},"modified":"2025-01-17T15:44:57","modified_gmt":"2025-01-17T14:44:57","slug":"vente","status":"publish","type":"page","link":"https:\/\/atiouest.fr\/index.php\/vente\/","title":{"rendered":"MACHINES NEUVES"},"content":{"rendered":"\r\n<div class=\"wp-block-columns are-vertically-aligned-center is-layout-flex wp-container-core-columns-is-layout-9d6595d7 wp-block-columns-is-layout-flex\">\r\n<div class=\"wp-block-column is-vertically-aligned-center is-layout-flow wp-block-column-is-layout-flow\" style=\"flex-basis: 17%;\">\u00a0<\/div>\r\n\r\n\r\n\r\n<div class=\"wp-block-column is-vertically-aligned-center is-layout-flow wp-block-column-is-layout-flow\" style=\"flex-basis: 66%;\">\r\n<div class=\"wp-block-spacer\" style=\"height: 50px;\" aria-hidden=\"true\">\u00a0<\/div>\r\n\r\n\r\n\r\n<p align=\"justify\">Chez ATI-OUEST nous vous proposons une s\u00e9lection de machines neuves et d&rsquo;occasion r\u00e9pondant \u00e0 vos diff\u00e9rents besoins en terme de conditionnement. Riches de notre exp\u00e9rience, nous vous accompagnons dans le choix de vos machines afin que celles-ci r\u00e9pondent au mieux \u00e0 vos attentes.<\/p>\r\n<p align=\"justify\">Bas\u00e9e \u00e0 Hennebont en Bretagne, notre \u00e9quipe poss\u00e8de une expertise solide dans le domaine de l&rsquo;operculage et du thermoformage.<\/p>\r\n<p align=\"justify\">Grande ou petite entreprise sp\u00e9cialis\u00e9e dans le secteur agroalimentaire (viandes, poissons, produits laitiers, condiments, sauces, boissons, p\u00e2tisserie, nourriture pour animaux, &#8230;), cosm\u00e9tique ou pharmaceutique-m\u00e9dical, nous saurons &#8211; avec notre r\u00e9seau de sp\u00e9cialistes &#8211; trouver pour vous les machines adapt\u00e9es \u00e0 vos produits, vos locaux et vos cadences de production.<\/p>\r\n<p align=\"justify\">\r\n\r\n<\/p>\r\n<div class=\"wp-block-spacer\" style=\"height: 10px;\" aria-hidden=\"true\">\u00a0<\/div>\r\n<p align=\"justify\">\r\n\r\n<\/p>\r\n<div class=\"wp-block-spacer\" style=\"height: 10px;\" aria-hidden=\"true\">\u00a0<\/div>\r\n<p align=\"justify\">\r\n\r\n<\/p>\r\n<div class=\"wp-block-columns is-layout-flex wp-container-core-columns-is-layout-9d6595d7 wp-block-columns-is-layout-flex\">\r\n<div class=\"wp-block-column is-layout-flow wp-block-column-is-layout-flow\">\u00a0<\/div>\r\n\r\n\r\n\r\n<div class=\"wp-block-column is-layout-flow wp-block-column-is-layout-flow\">\r\n<div class=\"wp-block-spacer\" style=\"height: 2px;\" aria-hidden=\"true\">\u00a0<\/div>\r\n\r\n\r\n\r\n<div class=\"wp-block-spacer\" style=\"height: 12px;\" aria-hidden=\"true\">\u00a0<\/div>\r\n\r\n\r\n<div class=\"wp-block-image\">\r\n<figure class=\"aligncenter size-large\"><a href=\"https:\/\/atiouest.fr\" target=\"_blank\" rel=\"noopener\"><img loading=\"lazy\" decoding=\"async\" width=\"283\" height=\"181\" class=\"wp-image-1082\" src=\"https:\/\/atiouest.fr\/wp-content\/uploads\/2021\/01\/atiouest.png\" alt=\"\" \/><\/a><\/figure>\r\n<\/div><\/div>\r\n\r\n\r\n\r\n<div class=\"wp-block-column is-layout-flow wp-block-column-is-layout-flow\">\r\n<div class=\"wp-block-spacer\" style=\"height: 22px;\" aria-hidden=\"true\">\u00a0<\/div>\r\n<\/div>\r\n\r\n\r\n\r\n<div class=\"wp-block-column is-layout-flow wp-block-column-is-layout-flow\"><div class=\"wp-block-image\">\r\n<figure class=\"aligncenter size-large\"><a class=\"https:\/\/ilpra.com\/\" href=\"https:\/\/ilpra.com\/\" target=\"_blank\" rel=\"noreferrer noopener\"><img loading=\"lazy\" decoding=\"async\" width=\"223\" height=\"181\" class=\"wp-image-1102\" src=\"https:\/\/atiouest.fr\/wp-content\/uploads\/2021\/01\/ilpra-1.png\" alt=\"\" \/><\/a><\/figure>\r\n<\/div><\/div>\r\n\r\n\r\n\r\n<div class=\"wp-block-column is-layout-flow wp-block-column-is-layout-flow\">\u00a0<\/div>\r\n<\/div>\r\n<p align=\"justify\">\r\n\r\n<\/p>\r\n<h3 id=\"neuves\" class=\"wp-block-heading alignfull has-text-align-center has-white-color has-text-color has-background\" style=\"background-color: #3a3a3a;\">LES MACHINES NEUVES<\/h3>\r\n<p align=\"justify\">\r\n\r\n<\/p>\r\n<div class=\"wp-block-columns is-layout-flex wp-container-core-columns-is-layout-9d6595d7 wp-block-columns-is-layout-flex\">\r\n<div class=\"wp-block-column is-layout-flow wp-block-column-is-layout-flow\">\u00a0<\/div>\r\n\r\n\r\n\r\n<div class=\"wp-block-column is-layout-flow wp-block-column-is-layout-flow\">\u00a0<\/div>\r\n\r\n\r\n\r\n<div class=\"wp-block-column is-layout-flow wp-block-column-is-layout-flow\">\u00a0<\/div>\r\n<\/div>\r\n<p align=\"justify\">\r\n\r\n<\/p>\r\n<div class=\"wp-block-columns is-layout-flex wp-container-core-columns-is-layout-9d6595d7 wp-block-columns-is-layout-flex\">\r\n<div class=\"wp-block-column is-layout-flow wp-block-column-is-layout-flow\">\r\n<div class=\"wp-block-spacer\" style=\"height: 50px;\" aria-hidden=\"true\">\u00a0<\/div>\r\n\r\n\r\n\r\n<p class=\"has-text-align-center\"><strong>Operculeuses<\/strong><br \/>&#8211; <a href=\"https:\/\/ilpra.com\/tipologia_confezionatrice\/foodpack-termosaldatrici\/\" target=\"_blank\" rel=\"noreferrer noopener\">Semi-automatiques<\/a><br \/>&#8211; <a href=\"https:\/\/ilpra.com\/tipologia_confezionatrice\/foodpack-termosaldatrici\/\" target=\"_blank\" rel=\"noreferrer noopener\">Automatiques<\/a><br \/>&#8211; <a href=\"https:\/\/ilpra.com\/tipologia_confezionatrice\/foodpack-termosaldatrici\/\" target=\"_blank\" rel=\"noreferrer noopener\">En ligne<\/a><\/p>\r\n\r\n\r\n<div class=\"wp-block-image\">\r\n<figure class=\"aligncenter size-large is-resized\"><img loading=\"lazy\" decoding=\"async\" width=\"500\" height=\"500\" class=\"wp-image-423\" style=\"width: 425px; height: 425px;\" src=\"https:\/\/atiouest.fr\/wp-content\/uploads\/2020\/12\/operculeuses-atiouest-1.gif\" alt=\"\" \/><\/figure>\r\n<\/div>\r\n\r\n\r\n<div class=\"wp-block-spacer\" style=\"height: 70px;\" aria-hidden=\"true\">\u00a0<\/div>\r\n\r\n\r\n\r\n<p class=\"has-text-align-center\"><strong>Cloches \u00e0 vide<br \/><\/strong>&#8211; <a href=\"https:\/\/henkovac.com\/fr\/machines-a-vide\/gamme-modeles-de-table\/\" target=\"_blank\" rel=\"noreferrer noopener\">Mod\u00e8les de table<\/a><br \/>&#8211; <a href=\"https:\/\/henkovac.com\/fr\" target=\"_blank\" rel=\"noreferrer noopener\">Mod\u00e8les simple cloche<\/a><br \/>&#8211; <a href=\"https:\/\/henkovac.com\/fr\/machines-a-vide\/gamme-double-cloche\/\" target=\"_blank\" rel=\"noreferrer noopener\">Mod\u00e8les double cloche<\/a><\/p>\r\n\r\n\r\n<div class=\"wp-block-image\">\r\n<figure class=\"aligncenter size-large is-resized\"><img loading=\"lazy\" decoding=\"async\" width=\"500\" height=\"500\" class=\"wp-image-1043\" style=\"width: 425px; height: 425px;\" src=\"https:\/\/atiouest.fr\/wp-content\/uploads\/2021\/01\/cloches-1.gif\" alt=\"\" \/><\/figure>\r\n<\/div><\/div>\r\n\r\n\r\n\r\n<div class=\"wp-block-column is-layout-flow wp-block-column-is-layout-flow\">\r\n<div class=\"wp-block-spacer\" style=\"height: 50px;\" aria-hidden=\"true\">\u00a0<\/div>\r\n\r\n\r\n\r\n<p class=\"has-text-align-center\"><strong>Remplisseuses-scelleuses <\/strong><br \/>&#8211; <a href=\"https:\/\/ilpra.com\/tipologia_confezionatrice\/fill-seal-riempitrici-saldatrici\/\" target=\"_blank\" rel=\"noreferrer noopener\">Rotatives<\/a><br \/>&#8211; <a href=\"https:\/\/ilpra.com\/tipologia_confezionatrice\/fill-seal-riempitrici-saldatrici\/\" target=\"_blank\" rel=\"noreferrer noopener\">En ligne<\/a><br \/><br \/><\/p>\r\n\r\n\r\n\r\n<figure class=\"wp-block-image size-large is-resized\"><img loading=\"lazy\" decoding=\"async\" width=\"500\" height=\"500\" class=\"wp-image-449\" style=\"width: 425px; height: 425px;\" src=\"https:\/\/atiouest.fr\/wp-content\/uploads\/2020\/12\/scelleuse-atiouest.gif\" alt=\"\" \/><\/figure>\r\n\r\n\r\n\r\n<div class=\"wp-block-spacer\" style=\"height: 70px;\" aria-hidden=\"true\">\u00a0<\/div>\r\n\r\n\r\n\r\n<p class=\"has-text-align-center\"><strong><a href=\"https:\/\/ilpra.com\/tipologia_confezionatrice\/form-fill-seal-formatrici-riempitrici-sigillatrici\/\" target=\"_blank\" rel=\"noreferrer noopener\">Thermoformeuses-remplisseuses-scelleuses<\/a><\/strong><\/p>\r\n\r\n\r\n\r\n<div class=\"wp-block-spacer\" style=\"height: 149px;\" aria-hidden=\"true\">\u00a0<\/div>\r\n\r\n\r\n\r\n<figure class=\"wp-block-image size-large\"><img loading=\"lazy\" decoding=\"async\" width=\"1000\" height=\"453\" class=\"wp-image-1193\" src=\"https:\/\/atiouest.fr\/wp-content\/uploads\/2021\/01\/FORM-FILL-SEAL-MD-COMPACTE-1.png\" alt=\"\" srcset=\"https:\/\/atiouest.fr\/wp-content\/uploads\/2021\/01\/FORM-FILL-SEAL-MD-COMPACTE-1.png 1000w, https:\/\/atiouest.fr\/wp-content\/uploads\/2021\/01\/FORM-FILL-SEAL-MD-COMPACTE-1-300x136.png 300w, https:\/\/atiouest.fr\/wp-content\/uploads\/2021\/01\/FORM-FILL-SEAL-MD-COMPACTE-1-768x348.png 768w\" sizes=\"auto, (max-width: 1000px) 100vw, 1000px\" \/><\/figure>\r\n\r\n\r\n<div class=\"wp-block-image\">\r\n<figure class=\"aligncenter size-large\"><img decoding=\"async\" class=\"wp-image-1178\" src=\"https:\/\/atiouest.fr\/wp-content\/uploads\/2021\/01\/FORM-FILL-SEAL-MD-COMPACTE.png\" alt=\"\" \/><\/figure>\r\n<\/div>\r\n\r\n\r\n<p class=\"has-text-align-center\">\u00a0<\/p>\r\n<\/div>\r\n\r\n\r\n\r\n<div class=\"wp-block-column is-layout-flow wp-block-column-is-layout-flow\">\r\n<div class=\"wp-block-spacer\" style=\"height: 50px;\" aria-hidden=\"true\">\u00a0<\/div>\r\n\r\n\r\n\r\n<p class=\"has-text-align-center\"><strong>Thermoformeuses<br \/><\/strong>&#8211; Film souple<br \/>&#8211; Film rigide<\/p>\r\n\r\n\r\n<div class=\"wp-block-image\">\r\n<figure class=\"aligncenter size-large is-resized\"><img loading=\"lazy\" decoding=\"async\" width=\"500\" height=\"500\" class=\"wp-image-456\" style=\"width: 425px; height: 425px;\" src=\"https:\/\/atiouest.fr\/wp-content\/uploads\/2020\/12\/thermoformeuse-atiouest.gif\" alt=\"\" \/><\/figure>\r\n<\/div>\r\n\r\n\r\n<div class=\"wp-block-spacer\" style=\"height: 92px;\" aria-hidden=\"true\">\u00a0<\/div>\r\n\r\n\r\n\r\n<p class=\"has-text-justify\">Mais aussi des <strong><strong>\u00e9quipements p\u00e9riph\u00e9riques<\/strong> <\/strong>adapt\u00e9s aux machines pr\u00e9c\u00e9demment cit\u00e9es dont : \u00e9tiqueteuses, d\u00e9pileurs de barquettes, couvercleurs, solutions de codage et marquage, bacs de r\u00e9traction, &#8230;<\/p>\r\n\r\n\r\n\r\n<div class=\"wp-block-spacer\" style=\"height: 20px;\" aria-hidden=\"true\">\u00a0<\/div>\r\n\r\n\r\n\r\n<figure class=\"wp-block-image size-large\"><img loading=\"lazy\" decoding=\"async\" width=\"1024\" height=\"768\" class=\"wp-image-1211\" src=\"https:\/\/atiouest.fr\/wp-content\/uploads\/2021\/01\/Etiqueteuse_-1.png\" alt=\"\" srcset=\"https:\/\/atiouest.fr\/wp-content\/uploads\/2021\/01\/Etiqueteuse_-1.png 1024w, https:\/\/atiouest.fr\/wp-content\/uploads\/2021\/01\/Etiqueteuse_-1-300x225.png 300w, https:\/\/atiouest.fr\/wp-content\/uploads\/2021\/01\/Etiqueteuse_-1-768x576.png 768w\" sizes=\"auto, (max-width: 1024px) 100vw, 1024px\" \/><\/figure>\r\n<\/div>\r\n<\/div>\r\n<p align=\"justify\">\r\n\r\n<\/p>\r\n<div class=\"wp-block-columns is-layout-flex wp-container-core-columns-is-layout-9d6595d7 wp-block-columns-is-layout-flex\">\r\n<div class=\"wp-block-column is-layout-flow wp-block-column-is-layout-flow\">\u00a0<\/div>\r\n\r\n\r\n\r\n<div class=\"wp-block-column is-layout-flow wp-block-column-is-layout-flow\">\u00a0<\/div>\r\n<\/div>\r\n<p align=\"justify\">\r\n\r\n<\/p>\r\n<h3 id=\"occasion\" class=\"wp-block-heading alignfull has-text-align-center has-white-color has-text-color has-background\" style=\"background-color: #3a3a3a;\">LES MACHINES D&rsquo;OCCASION<\/h3>\r\n<p align=\"justify\">\r\n\r\n<\/p>\r\n<div class=\"wp-block-spacer\" style=\"height: 42px;\" aria-hidden=\"true\">\u00a0<\/div>\r\n<p align=\"justify\">\r\n\r\n<\/p>\r\n<p class=\"has-text-align-center has-text-justify\">Chez ATI-OUEST, nous vous proposons \u00e9galement des machines d&rsquo;occasion\u00a0r\u00e9centes, r\u00e9vis\u00e9es \u00e0 l&rsquo;atelier par nos techniciens.<\/p>\r\n<p align=\"justify\">\r\n\r\n<\/p>\r\n<div class=\"wp-block-columns is-layout-flex wp-container-core-columns-is-layout-9d6595d7 wp-block-columns-is-layout-flex\">\r\n<div class=\"wp-block-column is-layout-flow wp-block-column-is-layout-flow\">\r\n<div class=\"wp-block-spacer\" style=\"height: 50px;\" aria-hidden=\"true\">\u00a0<\/div>\r\n\r\n\r\n\r\n<div class=\"wp-block-spacer\" style=\"height: 70px;\" aria-hidden=\"true\">\u00a0<\/div>\r\n<\/div>\r\n\r\n\r\n\r\n<div class=\"wp-block-column is-vertically-aligned-top is-layout-flow wp-block-column-is-layout-flow\" style=\"flex-basis: 33.3%;\">\r\n<div class=\"wp-block-spacer\" style=\"height: 67px;\" aria-hidden=\"true\">\u00a0<\/div>\r\n\r\n\r\n\r\n<p class=\"has-text-align-left\"><strong>Mat\u00e9riel disponible en stock : <\/strong><\/p>\r\n\r\n\r\n\r\n<p align=\"justify\"><strong>Thermoformeuse<\/strong><\/p>\r\n<p align=\"justify\"><strong>ILPRA SPEEDYFORM<\/strong><\/p>\r\n<p align=\"justify\"><em>Laize 420mm &#8211; Pas 300 mm<\/em><\/p>\r\n<p align=\"justify\"><em>Film souple, poche sous vide<\/em><\/p>\r\n<p align=\"justify\"><strong>Operculeuse<\/strong><\/p>\r\n<p align=\"justify\"><strong>ILPRA FP 400 ROTO<\/strong><\/p>\r\n<p align=\"justify\"><em>Vide, Vide et Gaz, Skin<\/em><\/p>\r\n<p align=\"justify\"><em>Avec outil B6 (180&#215;250)<\/em><\/p>\r\n<p class=\"has-text-justify\" style=\"text-align: center;\"><\/p>\r\n<\/div>\r\n\r\n\r\n\r\n<div class=\"wp-block-column is-layout-flow wp-block-column-is-layout-flow\">\u00a0<\/div>\r\n<\/div>\r\n<p align=\"justify\">\r\n\r\n<\/p>\r\n<div class=\"wp-block-buttons is-horizontal is-content-justification-center is-layout-flex wp-container-core-buttons-is-layout-499968f5 wp-block-buttons-is-layout-flex\">\r\n<div class=\"wp-block-button\"><a class=\"wp-block-button__link has-background no-border-radius wp-element-button\" style=\"background-color: #069cdb;\" href=\"mailto: ati-ouest@orange.fr \">CONTACTEZ-NOUS<\/a><\/div>\r\n<\/div>\r\n<p align=\"justify\">\r\n\r\n<\/p>\r\n<div class=\"wp-block-spacer\" style=\"height: 40px;\" aria-hidden=\"true\">\u00a0<\/div>\r\n<p align=\"justify\">\r\n\r\n<\/p>\r\n<h3 id=\"conso\" class=\"wp-block-heading alignfull has-text-align-center has-white-color has-text-color has-background\" style=\"background-color: #3a3a3a;\">LES CONSOMMABLES<\/h3>\r\n<p align=\"justify\">\r\n\r\n<\/p>\r\n<div class=\"wp-block-spacer\" style=\"height: 40px;\" aria-hidden=\"true\">\u00a0<\/div>\r\n<p align=\"justify\">\r\n\r\n<\/p>\r\n<p class=\"has-text-align-center\">Nous vous fournissons aussi les consommables adapt\u00e9s aux machines neuves et d&rsquo;occasion que nous vous proposons : <br \/><a href=\"https:\/\/www.tecnofoodpack.it\/products\/it\/catalogo\" target=\"_blank\" rel=\"noreferrer noopener\">Barquettes inject\u00e9es et thermoform\u00e9es<\/a>, film d&rsquo;operculage neutre ou imprim\u00e9, \u2026<\/p>\r\n<p align=\"justify\">\r\n\r\n<\/p>\r\n<div class=\"wp-block-columns is-layout-flex wp-container-core-columns-is-layout-9d6595d7 wp-block-columns-is-layout-flex\">\r\n<div class=\"wp-block-column is-layout-flow wp-block-column-is-layout-flow\">\r\n<div class=\"wp-block-spacer\" style=\"height: 50px;\" aria-hidden=\"true\">\u00a0<\/div>\r\n\r\n\r\n\r\n<div class=\"wp-block-spacer\" style=\"height: 70px;\" aria-hidden=\"true\">\u00a0<\/div>\r\n<\/div>\r\n\r\n\r\n\r\n<div class=\"wp-block-column is-vertically-aligned-center is-layout-flow wp-block-column-is-layout-flow\" style=\"flex-basis: 66.6%;\">\r\n<div class=\"wp-block-spacer\" style=\"height: 40px;\" aria-hidden=\"true\">\u00a0<\/div>\r\n\r\n\r\n\r\n<div class=\"wp-block-buttons is-horizontal is-content-justification-center is-layout-flex wp-container-core-buttons-is-layout-499968f5 wp-block-buttons-is-layout-flex\">\r\n<div class=\"wp-block-button\"><a class=\"wp-block-button__link has-background no-border-radius wp-element-button\" style=\"background-color: #039fdc;\" href=\"mailto:ati-ouest@orange.fr \">CONTACTEZ-NOUS<\/a><\/div>\r\n<\/div>\r\n<\/div>\r\n\r\n\r\n\r\n<div class=\"wp-block-column is-layout-flow wp-block-column-is-layout-flow\">\u00a0<\/div>\r\n<\/div>\r\n<p align=\"justify\"><\/p>\r\n<\/div>\r\n\r\n\r\n\r\n<div class=\"wp-block-column is-vertically-aligned-center is-layout-flow wp-block-column-is-layout-flow\" style=\"flex-basis: 17%;\">\u00a0<\/div>\r\n<\/div>\r\n","protected":false},"excerpt":{"rendered":"<p>\u00a0 Chez ATI-OUEST nous vous proposons une s\u00e9lection de machines neuves et d&rsquo;occasion r\u00e9pondant \u00e0 vos diff\u00e9rents besoins en terme de conditionnement. Riches de notre exp\u00e9rience, nous vous accompagnons dans le choix de vos machines afin que celles-ci r\u00e9pondent au&hellip;<\/p>\n","protected":false},"author":1,"featured_media":0,"parent":0,"menu_order":0,"comment_status":"closed","ping_status":"closed","template":"","meta":{"_exactmetrics_skip_tracking":false,"_exactmetrics_sitenote_active":false,"_exactmetrics_sitenote_note":"","_exactmetrics_sitenote_category":0,"footnotes":""},"class_list":["post-27","page","type-page","status-publish","hentry","entry","no-media"],"yoast_head":"<!-- This site is optimized with the Yoast SEO plugin v27.6 - https:\/\/yoast.com\/product\/yoast-seo-wordpress\/ -->\n<title>MACHINES NEUVES - Sp\u00e9cialiste en \u00e9quipement de conditionnement depuis 20 ans<\/title>\n<meta name=\"description\" content=\"Chez ATI-OUEST nous vous proposons une s\u00e9lection de machines neuves et d&#039;occasion r\u00e9pondant \u00e0 vos besoins en terme de conditionnement.\" \/>\n<meta name=\"robots\" content=\"index, follow, max-snippet:-1, max-image-preview:large, max-video-preview:-1\" \/>\n<link rel=\"canonical\" href=\"https:\/\/atiouest.fr\/index.php\/vente\/\" \/>\n<meta property=\"og:locale\" content=\"fr_FR\" \/>\n<meta property=\"og:type\" content=\"article\" \/>\n<meta property=\"og:title\" content=\"MACHINES NEUVES - Sp\u00e9cialiste en \u00e9quipement de conditionnement depuis 20 ans\" \/>\n<meta property=\"og:description\" content=\"Chez ATI-OUEST nous vous proposons une s\u00e9lection de machines neuves et d&#039;occasion r\u00e9pondant \u00e0 vos besoins en terme de conditionnement.\" \/>\n<meta property=\"og:url\" content=\"https:\/\/atiouest.fr\/index.php\/vente\/\" \/>\n<meta property=\"og:site_name\" content=\"Sp\u00e9cialiste en \u00e9quipement de conditionnement depuis 20 ans\" \/>\n<meta property=\"article:publisher\" content=\"https:\/\/www.facebook.com\/atiouest56\/\" \/>\n<meta property=\"article:modified_time\" content=\"2025-01-17T14:44:57+00:00\" \/>\n<meta property=\"og:image\" content=\"https:\/\/atiouest.fr\/wp-content\/uploads\/2021\/01\/atiouest.png\" \/>\n\t<meta property=\"og:image:width\" content=\"283\" \/>\n\t<meta property=\"og:image:height\" content=\"181\" \/>\n\t<meta property=\"og:image:type\" content=\"image\/png\" \/>\n<meta name=\"twitter:card\" content=\"summary_large_image\" \/>\n<meta name=\"twitter:label1\" content=\"Dur\u00e9e de lecture estim\u00e9e\" \/>\n\t<meta name=\"twitter:data1\" content=\"4 minutes\" \/>\n<script type=\"application\/ld+json\" class=\"yoast-schema-graph\">{\"@context\":\"https:\\\/\\\/schema.org\",\"@graph\":[{\"@type\":\"WebPage\",\"@id\":\"https:\\\/\\\/atiouest.fr\\\/index.php\\\/vente\\\/\",\"url\":\"https:\\\/\\\/atiouest.fr\\\/index.php\\\/vente\\\/\",\"name\":\"MACHINES NEUVES - Sp\u00e9cialiste en \u00e9quipement de conditionnement depuis 20 ans\",\"isPartOf\":{\"@id\":\"https:\\\/\\\/atiouest.fr\\\/#website\"},\"primaryImageOfPage\":{\"@id\":\"https:\\\/\\\/atiouest.fr\\\/index.php\\\/vente\\\/#primaryimage\"},\"image\":{\"@id\":\"https:\\\/\\\/atiouest.fr\\\/index.php\\\/vente\\\/#primaryimage\"},\"thumbnailUrl\":\"https:\\\/\\\/atiouest.fr\\\/wp-content\\\/uploads\\\/2021\\\/01\\\/atiouest.png\",\"datePublished\":\"2020-12-28T17:32:42+00:00\",\"dateModified\":\"2025-01-17T14:44:57+00:00\",\"description\":\"Chez ATI-OUEST nous vous proposons une s\u00e9lection de machines neuves et d'occasion r\u00e9pondant \u00e0 vos besoins en terme de conditionnement.\",\"breadcrumb\":{\"@id\":\"https:\\\/\\\/atiouest.fr\\\/index.php\\\/vente\\\/#breadcrumb\"},\"inLanguage\":\"fr-FR\",\"potentialAction\":[{\"@type\":\"ReadAction\",\"target\":[\"https:\\\/\\\/atiouest.fr\\\/index.php\\\/vente\\\/\"]}]},{\"@type\":\"ImageObject\",\"inLanguage\":\"fr-FR\",\"@id\":\"https:\\\/\\\/atiouest.fr\\\/index.php\\\/vente\\\/#primaryimage\",\"url\":\"https:\\\/\\\/atiouest.fr\\\/wp-content\\\/uploads\\\/2021\\\/01\\\/atiouest.png\",\"contentUrl\":\"https:\\\/\\\/atiouest.fr\\\/wp-content\\\/uploads\\\/2021\\\/01\\\/atiouest.png\",\"width\":283,\"height\":181},{\"@type\":\"BreadcrumbList\",\"@id\":\"https:\\\/\\\/atiouest.fr\\\/index.php\\\/vente\\\/#breadcrumb\",\"itemListElement\":[{\"@type\":\"ListItem\",\"position\":1,\"name\":\"Accueil\",\"item\":\"https:\\\/\\\/atiouest.fr\\\/\"},{\"@type\":\"ListItem\",\"position\":2,\"name\":\"MACHINES NEUVES\"}]},{\"@type\":\"WebSite\",\"@id\":\"https:\\\/\\\/atiouest.fr\\\/#website\",\"url\":\"https:\\\/\\\/atiouest.fr\\\/\",\"name\":\"Sp\u00e9cialiste en \u00e9quipement de conditionnement depuis 20 ans\",\"description\":\"\",\"publisher\":{\"@id\":\"https:\\\/\\\/atiouest.fr\\\/#organization\"},\"potentialAction\":[{\"@type\":\"SearchAction\",\"target\":{\"@type\":\"EntryPoint\",\"urlTemplate\":\"https:\\\/\\\/atiouest.fr\\\/?s={search_term_string}\"},\"query-input\":{\"@type\":\"PropertyValueSpecification\",\"valueRequired\":true,\"valueName\":\"search_term_string\"}}],\"inLanguage\":\"fr-FR\"},{\"@type\":\"Organization\",\"@id\":\"https:\\\/\\\/atiouest.fr\\\/#organization\",\"name\":\"ATI-OUEST\",\"url\":\"https:\\\/\\\/atiouest.fr\\\/\",\"logo\":{\"@type\":\"ImageObject\",\"inLanguage\":\"fr-FR\",\"@id\":\"https:\\\/\\\/atiouest.fr\\\/#\\\/schema\\\/logo\\\/image\\\/\",\"url\":\"https:\\\/\\\/atiouest.fr\\\/wp-content\\\/uploads\\\/2020\\\/12\\\/logo-atiouest.png\",\"contentUrl\":\"https:\\\/\\\/atiouest.fr\\\/wp-content\\\/uploads\\\/2020\\\/12\\\/logo-atiouest.png\",\"width\":405,\"height\":160,\"caption\":\"ATI-OUEST\"},\"image\":{\"@id\":\"https:\\\/\\\/atiouest.fr\\\/#\\\/schema\\\/logo\\\/image\\\/\"},\"sameAs\":[\"https:\\\/\\\/www.facebook.com\\\/atiouest56\\\/\",\"https:\\\/\\\/www.instagram.com\\\/atiouest56\\\/?hl=fr\",\"https:\\\/\\\/fr.linkedin.com\\\/company\\\/ati-ouest\"]}]}<\/script>\n<!-- \/ Yoast SEO plugin. -->","yoast_head_json":{"title":"MACHINES NEUVES - Sp\u00e9cialiste en \u00e9quipement de conditionnement depuis 20 ans","description":"Chez ATI-OUEST nous vous proposons une s\u00e9lection de machines neuves et d'occasion r\u00e9pondant \u00e0 vos besoins en terme de conditionnement.","robots":{"index":"index","follow":"follow","max-snippet":"max-snippet:-1","max-image-preview":"max-image-preview:large","max-video-preview":"max-video-preview:-1"},"canonical":"https:\/\/atiouest.fr\/index.php\/vente\/","og_locale":"fr_FR","og_type":"article","og_title":"MACHINES NEUVES - Sp\u00e9cialiste en \u00e9quipement de conditionnement depuis 20 ans","og_description":"Chez ATI-OUEST nous vous proposons une s\u00e9lection de machines neuves et d'occasion r\u00e9pondant \u00e0 vos besoins en terme de conditionnement.","og_url":"https:\/\/atiouest.fr\/index.php\/vente\/","og_site_name":"Sp\u00e9cialiste en \u00e9quipement de conditionnement depuis 20 ans","article_publisher":"https:\/\/www.facebook.com\/atiouest56\/","article_modified_time":"2025-01-17T14:44:57+00:00","og_image":[{"width":283,"height":181,"url":"https:\/\/atiouest.fr\/wp-content\/uploads\/2021\/01\/atiouest.png","type":"image\/png"}],"twitter_card":"summary_large_image","twitter_misc":{"Dur\u00e9e de lecture estim\u00e9e":"4 minutes"},"schema":{"@context":"https:\/\/schema.org","@graph":[{"@type":"WebPage","@id":"https:\/\/atiouest.fr\/index.php\/vente\/","url":"https:\/\/atiouest.fr\/index.php\/vente\/","name":"MACHINES NEUVES - Sp\u00e9cialiste en \u00e9quipement de conditionnement depuis 20 ans","isPartOf":{"@id":"https:\/\/atiouest.fr\/#website"},"primaryImageOfPage":{"@id":"https:\/\/atiouest.fr\/index.php\/vente\/#primaryimage"},"image":{"@id":"https:\/\/atiouest.fr\/index.php\/vente\/#primaryimage"},"thumbnailUrl":"https:\/\/atiouest.fr\/wp-content\/uploads\/2021\/01\/atiouest.png","datePublished":"2020-12-28T17:32:42+00:00","dateModified":"2025-01-17T14:44:57+00:00","description":"Chez ATI-OUEST nous vous proposons une s\u00e9lection de machines neuves et d'occasion r\u00e9pondant \u00e0 vos besoins en terme de conditionnement.","breadcrumb":{"@id":"https:\/\/atiouest.fr\/index.php\/vente\/#breadcrumb"},"inLanguage":"fr-FR","potentialAction":[{"@type":"ReadAction","target":["https:\/\/atiouest.fr\/index.php\/vente\/"]}]},{"@type":"ImageObject","inLanguage":"fr-FR","@id":"https:\/\/atiouest.fr\/index.php\/vente\/#primaryimage","url":"https:\/\/atiouest.fr\/wp-content\/uploads\/2021\/01\/atiouest.png","contentUrl":"https:\/\/atiouest.fr\/wp-content\/uploads\/2021\/01\/atiouest.png","width":283,"height":181},{"@type":"BreadcrumbList","@id":"https:\/\/atiouest.fr\/index.php\/vente\/#breadcrumb","itemListElement":[{"@type":"ListItem","position":1,"name":"Accueil","item":"https:\/\/atiouest.fr\/"},{"@type":"ListItem","position":2,"name":"MACHINES NEUVES"}]},{"@type":"WebSite","@id":"https:\/\/atiouest.fr\/#website","url":"https:\/\/atiouest.fr\/","name":"Sp\u00e9cialiste en \u00e9quipement de conditionnement depuis 20 ans","description":"","publisher":{"@id":"https:\/\/atiouest.fr\/#organization"},"potentialAction":[{"@type":"SearchAction","target":{"@type":"EntryPoint","urlTemplate":"https:\/\/atiouest.fr\/?s={search_term_string}"},"query-input":{"@type":"PropertyValueSpecification","valueRequired":true,"valueName":"search_term_string"}}],"inLanguage":"fr-FR"},{"@type":"Organization","@id":"https:\/\/atiouest.fr\/#organization","name":"ATI-OUEST","url":"https:\/\/atiouest.fr\/","logo":{"@type":"ImageObject","inLanguage":"fr-FR","@id":"https:\/\/atiouest.fr\/#\/schema\/logo\/image\/","url":"https:\/\/atiouest.fr\/wp-content\/uploads\/2020\/12\/logo-atiouest.png","contentUrl":"https:\/\/atiouest.fr\/wp-content\/uploads\/2020\/12\/logo-atiouest.png","width":405,"height":160,"caption":"ATI-OUEST"},"image":{"@id":"https:\/\/atiouest.fr\/#\/schema\/logo\/image\/"},"sameAs":["https:\/\/www.facebook.com\/atiouest56\/","https:\/\/www.instagram.com\/atiouest56\/?hl=fr","https:\/\/fr.linkedin.com\/company\/ati-ouest"]}]}},"_links":{"self":[{"href":"https:\/\/atiouest.fr\/index.php\/wp-json\/wp\/v2\/pages\/27","targetHints":{"allow":["GET"]}}],"collection":[{"href":"https:\/\/atiouest.fr\/index.php\/wp-json\/wp\/v2\/pages"}],"about":[{"href":"https:\/\/atiouest.fr\/index.php\/wp-json\/wp\/v2\/types\/page"}],"author":[{"embeddable":true,"href":"https:\/\/atiouest.fr\/index.php\/wp-json\/wp\/v2\/users\/1"}],"replies":[{"embeddable":true,"href":"https:\/\/atiouest.fr\/index.php\/wp-json\/wp\/v2\/comments?post=27"}],"version-history":[{"count":393,"href":"https:\/\/atiouest.fr\/index.php\/wp-json\/wp\/v2\/pages\/27\/revisions"}],"predecessor-version":[{"id":1467,"href":"https:\/\/atiouest.fr\/index.php\/wp-json\/wp\/v2\/pages\/27\/revisions\/1467"}],"wp:attachment":[{"href":"https:\/\/atiouest.fr\/index.php\/wp-json\/wp\/v2\/media?parent=27"}],"curies":[{"name":"wp","href":"https:\/\/api.w.org\/{rel}","templated":true}]}}