{"id":30,"date":"2020-12-28T18:34:50","date_gmt":"2020-12-28T17:34:50","guid":{"rendered":"https:\/\/atiouest.fr\/?page_id=30"},"modified":"2025-01-20T16:12:48","modified_gmt":"2025-01-20T15:12:48","slug":"a-propos","status":"publish","type":"page","link":"https:\/\/atiouest.fr\/index.php\/a-propos\/","title":{"rendered":"A PROPOS"},"content":{"rendered":"\n<h3 class=\"wp-block-heading alignfull has-text-align-center has-white-color has-text-color has-background\" style=\"background-color:#3a3a3a\">NOTRE HISTOIRE<\/h3>\n\n\n\n<div style=\"height:20px\" aria-hidden=\"true\" class=\"wp-block-spacer\"><\/div>\n\n\n\n<p class=\"has-text-align-justify\">Riche de 20 ann\u00e9es d&rsquo;exp\u00e9rience en tant que Responsable Technique dans le secteur des machines d&#8217;emballage destin\u00e9es aux industries agroalimentaires, Franck THIBAULT fonde ATI-OUEST en 2010. Apr\u00e8s une ann\u00e9e en solitaire, l&rsquo;\u00e9quipe s&rsquo;agrandit pour r\u00e9pondre \u00e0 l&rsquo;\u00e9volution rapide de l&rsquo;activit\u00e9 :<\/p>\n\n\n\n<div style=\"height:39px\" aria-hidden=\"true\" class=\"wp-block-spacer\"><\/div>\n\n\n<div class=\"wp-block-image\">\n<figure class=\"aligncenter size-large is-resized\"><img loading=\"lazy\" decoding=\"async\" width=\"1024\" height=\"181\" src=\"https:\/\/atiouest.fr\/wp-content\/uploads\/2020\/12\/atiouest-team-6-1024x181.png\" alt=\"\" class=\"wp-image-738\" style=\"width:768px;height:136px\" srcset=\"https:\/\/atiouest.fr\/wp-content\/uploads\/2020\/12\/atiouest-team-6-1024x181.png 1024w, https:\/\/atiouest.fr\/wp-content\/uploads\/2020\/12\/atiouest-team-6-300x53.png 300w, https:\/\/atiouest.fr\/wp-content\/uploads\/2020\/12\/atiouest-team-6-768x136.png 768w, https:\/\/atiouest.fr\/wp-content\/uploads\/2020\/12\/atiouest-team-6-1536x272.png 1536w, https:\/\/atiouest.fr\/wp-content\/uploads\/2020\/12\/atiouest-team-6-2048x363.png 2048w\" sizes=\"auto, (max-width: 1024px) 100vw, 1024px\" \/><\/figure>\n<\/div>\n\n\n<div class=\"wp-block-columns is-layout-flex wp-container-core-columns-is-layout-9d6595d7 wp-block-columns-is-layout-flex\">\n<div class=\"wp-block-column is-layout-flow wp-block-column-is-layout-flow\" style=\"flex-basis:10%\"><\/div>\n\n\n\n<div class=\"wp-block-column is-layout-flow wp-block-column-is-layout-flow\" style=\"flex-basis:80%\">\n<div class=\"wp-block-columns is-layout-flex wp-container-core-columns-is-layout-9d6595d7 wp-block-columns-is-layout-flex\">\n<div class=\"wp-block-column is-layout-flow wp-block-column-is-layout-flow\" style=\"flex-basis:14%\">\n<p class=\"has-text-align-center\">Cr\u00e9ation <br>d&rsquo;ATI-OUEST<br><\/p>\n<\/div>\n\n\n\n<div class=\"wp-block-column is-layout-flow wp-block-column-is-layout-flow\" style=\"flex-basis:20%\">\n<p class=\"has-text-align-center\">Recrutement d&rsquo;une<br>Assistante de Gestion<\/p>\n<\/div>\n\n\n\n<div class=\"wp-block-column is-layout-flow wp-block-column-is-layout-flow\" style=\"flex-basis:13%\">\n<p class=\"has-text-align-center\">Recrutement d&rsquo;un<br>Technicien SAV<\/p>\n<\/div>\n\n\n\n<div class=\"wp-block-column is-layout-flow wp-block-column-is-layout-flow\" style=\"flex-basis:19%\">\n<p class=\"has-text-align-center\">Recrutement d&rsquo;un <br>Technico-commercial<br><br><\/p>\n<\/div>\n\n\n\n<div class=\"wp-block-column is-layout-flow wp-block-column-is-layout-flow\" style=\"flex-basis:14%\">\n<p class=\"has-text-align-center\">Recrutement d&rsquo;un<br>Technicien SAV<\/p>\n<\/div>\n<\/div>\n\n\n\n<p><\/p>\n<\/div>\n<\/div>\n\n\n\n<h3 class=\"wp-block-heading alignfull has-text-align-center has-white-color has-text-color has-background\" style=\"background-color:#3a3a3a\">NOS MISSIONS<\/h3>\n\n\n\n<div style=\"height:31px\" aria-hidden=\"true\" class=\"wp-block-spacer\"><\/div>\n\n\n\n<p class=\"has-text-align-justify\">Chez ATI-OUEST, notre mission est de vous <strong>accompagner<\/strong> quotidiennement dans vos diff\u00e9rents projets. Ainsi, nous vous proposons des solutions de conditionnement dans <strong>les secteurs agroalimentaire<\/strong> (viandes, poissons, produits laitiers, sauces, plats pr\u00e9par\u00e9s, &#8230;), <strong>pharmaceutique, cosm\u00e9tique, &#8230;<\/strong><\/p>\n\n\n\n<p class=\"has-text-align-justify\">Conscients  que la <strong>relation de confiance<\/strong> est  la base  de toute  collaboration nous nous investissons pleinement dans nos missions de Conseil, de Vente et de Service Apr\u00e8s Vente.<br><br>Gr\u00e2ce \u00e0 notre \u00e9quipe interne et notre r\u00e9seau national de techniciens sp\u00e9cialis\u00e9s nous savons faire preuve d&rsquo;une grande <strong>disponibilit\u00e9 et r\u00e9activ\u00e9 d&rsquo;intervention sur l&rsquo;ensemble du territoire.<\/strong><br><br>Enfin, \u00e0 l&rsquo;\u00e9coute de nos clients, r\u00e9actifs aux \u00e9volutions du march\u00e9 et sensibles aux questions environnementales, ATI-OUEST s&rsquo;investit chaque jour davantage dans la <a href=\"https:\/\/atiouest.fr\/index.php\/recherche-developpement\/\">R&amp;D.<\/a><\/p>\n\n\n\n<div style=\"height:20px\" aria-hidden=\"true\" class=\"wp-block-spacer\"><\/div>\n\n\n\n<h3 class=\"wp-block-heading alignfull has-text-align-center has-white-color has-text-color has-background\" style=\"background-color:#3a3a3a\">NOS PARTENAIRES<\/h3>\n\n\n\n<div style=\"height:31px\" aria-hidden=\"true\" class=\"wp-block-spacer\"><\/div>\n\n\n\n<p class=\"has-text-align-justify\">Depuis 2010,  nous avons cr\u00e9\u00e9 des relations  de confiance avec de nombreux  partenaires tous  experts dans leurs  domaines. Une mutualisation des savoirs et savoir-faire qui nous permet de vous accompagner et  de trouver des solutions \u00e0 vos probl\u00e9matiques de conditionnement et d&rsquo;\u00e9volution vers une production plus respectueuse de l&rsquo;environnement, \u2026<\/p>\n\n\n\n<div style=\"height:20px\" aria-hidden=\"true\" class=\"wp-block-spacer\"><\/div>\n\n\n\n<div class=\"wp-block-columns is-layout-flex wp-container-core-columns-is-layout-9d6595d7 wp-block-columns-is-layout-flex\">\n<div class=\"wp-block-column is-layout-flow wp-block-column-is-layout-flow\"><\/div>\n\n\n\n<div class=\"wp-block-column is-layout-flow wp-block-column-is-layout-flow\"><div class=\"wp-block-image\">\n<figure class=\"aligncenter size-large\"><a href=\"https:\/\/www.ilpra.com\/fr\/\" target=\"_blank\" rel=\"noopener\"><img loading=\"lazy\" decoding=\"async\" width=\"112\" height=\"61\" src=\"https:\/\/atiouest.fr\/wp-content\/uploads\/2021\/01\/ilpra-2.png\" alt=\"\" class=\"wp-image-1121\"\/><\/a><\/figure>\n<\/div><\/div>\n\n\n\n<div class=\"wp-block-column is-layout-flow wp-block-column-is-layout-flow\">\n<div style=\"height:5px\" aria-hidden=\"true\" class=\"wp-block-spacer\"><\/div>\n\n\n<div class=\"wp-block-image\">\n<figure class=\"aligncenter size-large\"><a href=\"https:\/\/henkovac.com\/fr\/\" target=\"_blank\" rel=\"noopener\"><img loading=\"lazy\" decoding=\"async\" width=\"177\" height=\"61\" src=\"https:\/\/atiouest.fr\/wp-content\/uploads\/2021\/01\/henkovac-2.png\" alt=\"\" class=\"wp-image-1117\"\/><\/a><\/figure>\n<\/div><\/div>\n\n\n\n<div class=\"wp-block-column is-layout-flow wp-block-column-is-layout-flow\">\n<div style=\"height:6px\" aria-hidden=\"true\" class=\"wp-block-spacer\"><\/div>\n<\/div>\n\n\n\n<div class=\"wp-block-column is-layout-flow wp-block-column-is-layout-flow\"><\/div>\n\n\n\n<div class=\"wp-block-column is-layout-flow wp-block-column-is-layout-flow\"><\/div>\n<\/div>\n\n\n\n<div class=\"wp-block-columns is-layout-flex wp-container-core-columns-is-layout-9d6595d7 wp-block-columns-is-layout-flex\">\n<div class=\"wp-block-column is-layout-flow wp-block-column-is-layout-flow\" style=\"flex-basis:30%\"><\/div>\n\n\n\n<div class=\"wp-block-column is-layout-flow wp-block-column-is-layout-flow\">\n<div style=\"height:2px\" aria-hidden=\"true\" class=\"wp-block-spacer\"><\/div>\n\n\n<div class=\"wp-block-image\">\n<figure class=\"aligncenter size-large\"><a href=\"https:\/\/www.linxglobal.com\/fr-fr\/\" target=\"_blank\" rel=\"noopener\"><img loading=\"lazy\" decoding=\"async\" width=\"89\" height=\"61\" src=\"https:\/\/atiouest.fr\/wp-content\/uploads\/2021\/01\/linx-2.png\" alt=\"\" class=\"wp-image-1123\"\/><\/a><\/figure>\n<\/div><\/div>\n\n\n\n<div class=\"wp-block-column is-layout-flow wp-block-column-is-layout-flow\">\n<div style=\"height:14px\" aria-hidden=\"true\" class=\"wp-block-spacer\"><\/div>\n\n\n<div class=\"wp-block-image\">\n<figure class=\"aligncenter size-large\"><a href=\"http:\/\/www.gruppounivel.com\/en\/tecnopack-univel.html\" target=\"_blank\" rel=\"noopener\"><img loading=\"lazy\" decoding=\"async\" width=\"149\" height=\"61\" src=\"https:\/\/atiouest.fr\/wp-content\/uploads\/2021\/01\/univel-2.png\" alt=\"\" class=\"wp-image-1125\"\/><\/a><\/figure>\n<\/div><\/div>\n\n\n\n<div class=\"wp-block-column is-layout-flow wp-block-column-is-layout-flow\"><div class=\"wp-block-image\">\n<figure class=\"aligncenter size-large\"><a href=\"https:\/\/www.tecnofoodpack.it\/\" target=\"_blank\" rel=\"noopener\"><img loading=\"lazy\" decoding=\"async\" width=\"101\" height=\"61\" src=\"https:\/\/atiouest.fr\/wp-content\/uploads\/2021\/01\/tcf-2.png\" alt=\"\" class=\"wp-image-1135\"\/><\/a><\/figure>\n<\/div><\/div>\n\n\n\n<div class=\"wp-block-column is-layout-flow wp-block-column-is-layout-flow\" style=\"flex-basis:30%\"><\/div>\n<\/div>\n","protected":false},"excerpt":{"rendered":"<p>NOTRE HISTOIRE Riche de 20 ann\u00e9es d&rsquo;exp\u00e9rience en tant que Responsable Technique dans le secteur des machines d&#8217;emballage destin\u00e9es aux industries agroalimentaires, Franck THIBAULT fonde ATI-OUEST en 2010. Apr\u00e8s une ann\u00e9e en solitaire, l&rsquo;\u00e9quipe s&rsquo;agrandit pour r\u00e9pondre \u00e0 l&rsquo;\u00e9volution rapide&hellip;<\/p>\n","protected":false},"author":1,"featured_media":0,"parent":0,"menu_order":0,"comment_status":"closed","ping_status":"closed","template":"templates\/full-screen.php","meta":{"_exactmetrics_skip_tracking":false,"_exactmetrics_sitenote_active":false,"_exactmetrics_sitenote_note":"","_exactmetrics_sitenote_category":0,"footnotes":""},"class_list":["post-30","page","type-page","status-publish","hentry","entry","no-media"],"yoast_head":"<!-- This site is optimized with the Yoast SEO plugin v27.6 - https:\/\/yoast.com\/product\/yoast-seo-wordpress\/ -->\n<title>A PROPOS - Sp\u00e9cialiste en \u00e9quipement de conditionnement depuis 20 ans<\/title>\n<meta name=\"robots\" content=\"index, follow, max-snippet:-1, max-image-preview:large, max-video-preview:-1\" \/>\n<link rel=\"canonical\" href=\"https:\/\/atiouest.fr\/index.php\/a-propos\/\" \/>\n<meta property=\"og:locale\" content=\"fr_FR\" \/>\n<meta property=\"og:type\" content=\"article\" \/>\n<meta property=\"og:title\" content=\"A PROPOS - Sp\u00e9cialiste en \u00e9quipement de conditionnement depuis 20 ans\" \/>\n<meta property=\"og:description\" content=\"NOTRE HISTOIRE Riche de 20 ann\u00e9es d&rsquo;exp\u00e9rience en tant que Responsable Technique dans le secteur des machines d&#8217;emballage destin\u00e9es aux industries agroalimentaires, Franck THIBAULT fonde ATI-OUEST en 2010. Apr\u00e8s une ann\u00e9e en solitaire, l&rsquo;\u00e9quipe s&rsquo;agrandit pour r\u00e9pondre \u00e0 l&rsquo;\u00e9volution rapide&hellip;\" \/>\n<meta property=\"og:url\" content=\"https:\/\/atiouest.fr\/index.php\/a-propos\/\" \/>\n<meta property=\"og:site_name\" content=\"Sp\u00e9cialiste en \u00e9quipement de conditionnement depuis 20 ans\" \/>\n<meta property=\"article:publisher\" content=\"https:\/\/www.facebook.com\/atiouest56\/\" \/>\n<meta property=\"article:modified_time\" content=\"2025-01-20T15:12:48+00:00\" \/>\n<meta property=\"og:image\" content=\"https:\/\/atiouest.fr\/wp-content\/uploads\/2020\/12\/atiouest-team-6.png\" \/>\n\t<meta property=\"og:image:width\" content=\"4429\" \/>\n\t<meta property=\"og:image:height\" content=\"784\" \/>\n\t<meta property=\"og:image:type\" content=\"image\/png\" \/>\n<meta name=\"twitter:card\" content=\"summary_large_image\" \/>\n<meta name=\"twitter:label1\" content=\"Dur\u00e9e de lecture estim\u00e9e\" \/>\n\t<meta name=\"twitter:data1\" content=\"3 minutes\" \/>\n<script type=\"application\/ld+json\" class=\"yoast-schema-graph\">{\"@context\":\"https:\\\/\\\/schema.org\",\"@graph\":[{\"@type\":\"WebPage\",\"@id\":\"https:\\\/\\\/atiouest.fr\\\/index.php\\\/a-propos\\\/\",\"url\":\"https:\\\/\\\/atiouest.fr\\\/index.php\\\/a-propos\\\/\",\"name\":\"A PROPOS - Sp\u00e9cialiste en \u00e9quipement de conditionnement depuis 20 ans\",\"isPartOf\":{\"@id\":\"https:\\\/\\\/atiouest.fr\\\/#website\"},\"primaryImageOfPage\":{\"@id\":\"https:\\\/\\\/atiouest.fr\\\/index.php\\\/a-propos\\\/#primaryimage\"},\"image\":{\"@id\":\"https:\\\/\\\/atiouest.fr\\\/index.php\\\/a-propos\\\/#primaryimage\"},\"thumbnailUrl\":\"https:\\\/\\\/atiouest.fr\\\/wp-content\\\/uploads\\\/2020\\\/12\\\/atiouest-team-6-1024x181.png\",\"datePublished\":\"2020-12-28T17:34:50+00:00\",\"dateModified\":\"2025-01-20T15:12:48+00:00\",\"breadcrumb\":{\"@id\":\"https:\\\/\\\/atiouest.fr\\\/index.php\\\/a-propos\\\/#breadcrumb\"},\"inLanguage\":\"fr-FR\",\"potentialAction\":[{\"@type\":\"ReadAction\",\"target\":[\"https:\\\/\\\/atiouest.fr\\\/index.php\\\/a-propos\\\/\"]}]},{\"@type\":\"ImageObject\",\"inLanguage\":\"fr-FR\",\"@id\":\"https:\\\/\\\/atiouest.fr\\\/index.php\\\/a-propos\\\/#primaryimage\",\"url\":\"https:\\\/\\\/atiouest.fr\\\/wp-content\\\/uploads\\\/2020\\\/12\\\/atiouest-team-6.png\",\"contentUrl\":\"https:\\\/\\\/atiouest.fr\\\/wp-content\\\/uploads\\\/2020\\\/12\\\/atiouest-team-6.png\",\"width\":4429,\"height\":784},{\"@type\":\"BreadcrumbList\",\"@id\":\"https:\\\/\\\/atiouest.fr\\\/index.php\\\/a-propos\\\/#breadcrumb\",\"itemListElement\":[{\"@type\":\"ListItem\",\"position\":1,\"name\":\"Accueil\",\"item\":\"https:\\\/\\\/atiouest.fr\\\/\"},{\"@type\":\"ListItem\",\"position\":2,\"name\":\"A PROPOS\"}]},{\"@type\":\"WebSite\",\"@id\":\"https:\\\/\\\/atiouest.fr\\\/#website\",\"url\":\"https:\\\/\\\/atiouest.fr\\\/\",\"name\":\"Sp\u00e9cialiste en \u00e9quipement de conditionnement depuis 20 ans\",\"description\":\"\",\"publisher\":{\"@id\":\"https:\\\/\\\/atiouest.fr\\\/#organization\"},\"potentialAction\":[{\"@type\":\"SearchAction\",\"target\":{\"@type\":\"EntryPoint\",\"urlTemplate\":\"https:\\\/\\\/atiouest.fr\\\/?s={search_term_string}\"},\"query-input\":{\"@type\":\"PropertyValueSpecification\",\"valueRequired\":true,\"valueName\":\"search_term_string\"}}],\"inLanguage\":\"fr-FR\"},{\"@type\":\"Organization\",\"@id\":\"https:\\\/\\\/atiouest.fr\\\/#organization\",\"name\":\"ATI-OUEST\",\"url\":\"https:\\\/\\\/atiouest.fr\\\/\",\"logo\":{\"@type\":\"ImageObject\",\"inLanguage\":\"fr-FR\",\"@id\":\"https:\\\/\\\/atiouest.fr\\\/#\\\/schema\\\/logo\\\/image\\\/\",\"url\":\"https:\\\/\\\/atiouest.fr\\\/wp-content\\\/uploads\\\/2020\\\/12\\\/logo-atiouest.png\",\"contentUrl\":\"https:\\\/\\\/atiouest.fr\\\/wp-content\\\/uploads\\\/2020\\\/12\\\/logo-atiouest.png\",\"width\":405,\"height\":160,\"caption\":\"ATI-OUEST\"},\"image\":{\"@id\":\"https:\\\/\\\/atiouest.fr\\\/#\\\/schema\\\/logo\\\/image\\\/\"},\"sameAs\":[\"https:\\\/\\\/www.facebook.com\\\/atiouest56\\\/\",\"https:\\\/\\\/www.instagram.com\\\/atiouest56\\\/?hl=fr\",\"https:\\\/\\\/fr.linkedin.com\\\/company\\\/ati-ouest\"]}]}<\/script>\n<!-- \/ Yoast SEO plugin. -->","yoast_head_json":{"title":"A PROPOS - Sp\u00e9cialiste en \u00e9quipement de conditionnement depuis 20 ans","robots":{"index":"index","follow":"follow","max-snippet":"max-snippet:-1","max-image-preview":"max-image-preview:large","max-video-preview":"max-video-preview:-1"},"canonical":"https:\/\/atiouest.fr\/index.php\/a-propos\/","og_locale":"fr_FR","og_type":"article","og_title":"A PROPOS - Sp\u00e9cialiste en \u00e9quipement de conditionnement depuis 20 ans","og_description":"NOTRE HISTOIRE Riche de 20 ann\u00e9es d&rsquo;exp\u00e9rience en tant que Responsable Technique dans le secteur des machines d&#8217;emballage destin\u00e9es aux industries agroalimentaires, Franck THIBAULT fonde ATI-OUEST en 2010. Apr\u00e8s une ann\u00e9e en solitaire, l&rsquo;\u00e9quipe s&rsquo;agrandit pour r\u00e9pondre \u00e0 l&rsquo;\u00e9volution rapide&hellip;","og_url":"https:\/\/atiouest.fr\/index.php\/a-propos\/","og_site_name":"Sp\u00e9cialiste en \u00e9quipement de conditionnement depuis 20 ans","article_publisher":"https:\/\/www.facebook.com\/atiouest56\/","article_modified_time":"2025-01-20T15:12:48+00:00","og_image":[{"width":4429,"height":784,"url":"https:\/\/atiouest.fr\/wp-content\/uploads\/2020\/12\/atiouest-team-6.png","type":"image\/png"}],"twitter_card":"summary_large_image","twitter_misc":{"Dur\u00e9e de lecture estim\u00e9e":"3 minutes"},"schema":{"@context":"https:\/\/schema.org","@graph":[{"@type":"WebPage","@id":"https:\/\/atiouest.fr\/index.php\/a-propos\/","url":"https:\/\/atiouest.fr\/index.php\/a-propos\/","name":"A PROPOS - Sp\u00e9cialiste en \u00e9quipement de conditionnement depuis 20 ans","isPartOf":{"@id":"https:\/\/atiouest.fr\/#website"},"primaryImageOfPage":{"@id":"https:\/\/atiouest.fr\/index.php\/a-propos\/#primaryimage"},"image":{"@id":"https:\/\/atiouest.fr\/index.php\/a-propos\/#primaryimage"},"thumbnailUrl":"https:\/\/atiouest.fr\/wp-content\/uploads\/2020\/12\/atiouest-team-6-1024x181.png","datePublished":"2020-12-28T17:34:50+00:00","dateModified":"2025-01-20T15:12:48+00:00","breadcrumb":{"@id":"https:\/\/atiouest.fr\/index.php\/a-propos\/#breadcrumb"},"inLanguage":"fr-FR","potentialAction":[{"@type":"ReadAction","target":["https:\/\/atiouest.fr\/index.php\/a-propos\/"]}]},{"@type":"ImageObject","inLanguage":"fr-FR","@id":"https:\/\/atiouest.fr\/index.php\/a-propos\/#primaryimage","url":"https:\/\/atiouest.fr\/wp-content\/uploads\/2020\/12\/atiouest-team-6.png","contentUrl":"https:\/\/atiouest.fr\/wp-content\/uploads\/2020\/12\/atiouest-team-6.png","width":4429,"height":784},{"@type":"BreadcrumbList","@id":"https:\/\/atiouest.fr\/index.php\/a-propos\/#breadcrumb","itemListElement":[{"@type":"ListItem","position":1,"name":"Accueil","item":"https:\/\/atiouest.fr\/"},{"@type":"ListItem","position":2,"name":"A PROPOS"}]},{"@type":"WebSite","@id":"https:\/\/atiouest.fr\/#website","url":"https:\/\/atiouest.fr\/","name":"Sp\u00e9cialiste en \u00e9quipement de conditionnement depuis 20 ans","description":"","publisher":{"@id":"https:\/\/atiouest.fr\/#organization"},"potentialAction":[{"@type":"SearchAction","target":{"@type":"EntryPoint","urlTemplate":"https:\/\/atiouest.fr\/?s={search_term_string}"},"query-input":{"@type":"PropertyValueSpecification","valueRequired":true,"valueName":"search_term_string"}}],"inLanguage":"fr-FR"},{"@type":"Organization","@id":"https:\/\/atiouest.fr\/#organization","name":"ATI-OUEST","url":"https:\/\/atiouest.fr\/","logo":{"@type":"ImageObject","inLanguage":"fr-FR","@id":"https:\/\/atiouest.fr\/#\/schema\/logo\/image\/","url":"https:\/\/atiouest.fr\/wp-content\/uploads\/2020\/12\/logo-atiouest.png","contentUrl":"https:\/\/atiouest.fr\/wp-content\/uploads\/2020\/12\/logo-atiouest.png","width":405,"height":160,"caption":"ATI-OUEST"},"image":{"@id":"https:\/\/atiouest.fr\/#\/schema\/logo\/image\/"},"sameAs":["https:\/\/www.facebook.com\/atiouest56\/","https:\/\/www.instagram.com\/atiouest56\/?hl=fr","https:\/\/fr.linkedin.com\/company\/ati-ouest"]}]}},"_links":{"self":[{"href":"https:\/\/atiouest.fr\/index.php\/wp-json\/wp\/v2\/pages\/30","targetHints":{"allow":["GET"]}}],"collection":[{"href":"https:\/\/atiouest.fr\/index.php\/wp-json\/wp\/v2\/pages"}],"about":[{"href":"https:\/\/atiouest.fr\/index.php\/wp-json\/wp\/v2\/types\/page"}],"author":[{"embeddable":true,"href":"https:\/\/atiouest.fr\/index.php\/wp-json\/wp\/v2\/users\/1"}],"replies":[{"embeddable":true,"href":"https:\/\/atiouest.fr\/index.php\/wp-json\/wp\/v2\/comments?post=30"}],"version-history":[{"count":192,"href":"https:\/\/atiouest.fr\/index.php\/wp-json\/wp\/v2\/pages\/30\/revisions"}],"predecessor-version":[{"id":1498,"href":"https:\/\/atiouest.fr\/index.php\/wp-json\/wp\/v2\/pages\/30\/revisions\/1498"}],"wp:attachment":[{"href":"https:\/\/atiouest.fr\/index.php\/wp-json\/wp\/v2\/media?parent=30"}],"curies":[{"name":"wp","href":"https:\/\/api.w.org\/{rel}","templated":true}]}}