{"id":34,"date":"2020-12-28T18:35:42","date_gmt":"2020-12-28T17:35:42","guid":{"rendered":"https:\/\/atiouest.fr\/?page_id=34"},"modified":"2023-04-03T10:31:10","modified_gmt":"2023-04-03T08:31:10","slug":"recherche-developpement","status":"publish","type":"page","link":"https:\/\/atiouest.fr\/index.php\/recherche-developpement\/","title":{"rendered":"R&#038;D"},"content":{"rendered":"\n<div style=\"height:40px\" aria-hidden=\"true\" class=\"wp-block-spacer\"><\/div>\n\n\n\n<p class=\"has-text-align-justify\">Attentifs \u00e0 l&rsquo;\u00e9volution de notre m\u00e9tier et sensibles aux questions du d\u00e9veloppement durable, nous nous investissons quotidiennement dans la <strong>Recherche et le D\u00e9veloppement<\/strong>. <br><br>Ainsi, nous concevons dans nos ateliers de nouvelles machines\/robots et de nouveaux packaging pour, non seulement r\u00e9pondre \u00e0 <strong>vos besoins pr\u00e9sents<\/strong> mais aussi <strong>vous accompagner dans vos projets futurs.<\/strong><\/p>\n\n\n\n<div style=\"height:16px\" aria-hidden=\"true\" class=\"wp-block-spacer\"><\/div>\n\n\n\n<div class=\"wp-block-columns is-layout-flex wp-container-core-columns-is-layout-9d6595d7 wp-block-columns-is-layout-flex\">\n<div class=\"wp-block-column is-layout-flow wp-block-column-is-layout-flow\"><div class=\"wp-block-image\">\n<figure class=\"aligncenter size-large is-resized\"><img loading=\"lazy\" decoding=\"async\" src=\"https:\/\/atiouest.fr\/wp-content\/uploads\/2020\/12\/atiouest-atelier-1.png\" alt=\"\" class=\"wp-image-965\" width=\"525\" height=\"286\" srcset=\"https:\/\/atiouest.fr\/wp-content\/uploads\/2020\/12\/atiouest-atelier-1.png 600w, https:\/\/atiouest.fr\/wp-content\/uploads\/2020\/12\/atiouest-atelier-1-300x163.png 300w\" sizes=\"auto, (max-width: 525px) 100vw, 525px\" \/><\/figure>\n<\/div><\/div>\n\n\n\n<div class=\"wp-block-column is-layout-flow wp-block-column-is-layout-flow\"><div class=\"wp-block-image\">\n<figure class=\"aligncenter size-large is-resized\"><img loading=\"lazy\" decoding=\"async\" src=\"https:\/\/atiouest.fr\/wp-content\/uploads\/2020\/12\/atiouest-atelier-02.png\" alt=\"\" class=\"wp-image-970\" width=\"525\" height=\"286\" srcset=\"https:\/\/atiouest.fr\/wp-content\/uploads\/2020\/12\/atiouest-atelier-02.png 600w, https:\/\/atiouest.fr\/wp-content\/uploads\/2020\/12\/atiouest-atelier-02-300x163.png 300w\" sizes=\"auto, (max-width: 525px) 100vw, 525px\" \/><\/figure>\n<\/div><\/div>\n<\/div>\n\n\n\n<h3 class=\"wp-block-heading alignfull has-text-align-center has-white-color has-text-color has-background\" style=\"background-color:#3a3a3a\">MACHINES &amp; ROBOTS<\/h3>\n\n\n\n<div style=\"height:40px\" aria-hidden=\"true\" class=\"wp-block-spacer\"><\/div>\n\n\n\n<ul class=\"wp-block-list\">\n<li>Adaptation d&rsquo;operculeuses pour contenants et applications sp\u00e9cifiques<\/li>\n\n\n\n<li>Manipulation et programmation de robots industriels<\/li>\n\n\n\n<li>Operculeuse adapt\u00e9e pour l&rsquo;operculage de terrine en gr\u00e8s<\/li>\n<\/ul>\n\n\n\n<div style=\"height:18px\" aria-hidden=\"true\" class=\"wp-block-spacer\"><\/div>\n\n\n\n<h3 class=\"wp-block-heading alignfull has-text-align-center has-white-color has-text-color has-background\" style=\"background-color:#3a3a3a\">PACKAGING<\/h3>\n\n\n\n<div style=\"height:40px\" aria-hidden=\"true\" class=\"wp-block-spacer\"><\/div>\n\n\n\n<div class=\"wp-block-columns is-layout-flex wp-container-core-columns-is-layout-9d6595d7 wp-block-columns-is-layout-flex\">\n<div class=\"wp-block-column is-vertically-aligned-center is-layout-flow wp-block-column-is-layout-flow\" style=\"flex-basis:50%\">\n<ul class=\"wp-block-list\">\n<li>Barquettes \u00e9co-con\u00e7ues \u00e0 partir de fibres de canne \u00e0 sucre. <br><strong>Recyclables, biod\u00e9gradables et compostables<\/strong>.<\/li>\n\n\n\n<li>Terrines en gr\u00e8s <em>(id\u00e9ales pour le conditionnement de rillettes, p\u00e2t\u00e9s, foies gras, &#8230;)<\/em><\/li>\n\n\n\n<li>Barquette carton operculable<\/li>\n<\/ul>\n<\/div>\n\n\n\n<div class=\"wp-block-column is-layout-flow wp-block-column-is-layout-flow\" style=\"flex-basis:66.66%\"><div class=\"wp-block-image\">\n<figure class=\"aligncenter size-large is-resized\"><img loading=\"lazy\" decoding=\"async\" src=\"https:\/\/atiouest.fr\/wp-content\/uploads\/2020\/12\/packaging-atiouest.gif\" alt=\"\" class=\"wp-image-938\" width=\"400\" height=\"297\"\/><\/figure>\n<\/div><\/div>\n<\/div>\n\n\n\n<div style=\"height:40px\" aria-hidden=\"true\" class=\"wp-block-spacer\"><\/div>\n\n\n\n<div class=\"wp-block-buttons is-content-justification-center is-layout-flex wp-container-core-buttons-is-layout-16018d1d wp-block-buttons-is-layout-flex\">\n<div class=\"wp-block-button\"><a class=\"wp-block-button__link has-white-color has-text-color has-background wp-element-button\" href=\"mailto: ati-ouest@orange.fr \" style=\"background-color:#009ce6\">CONTACTEZ-NOUS<\/a><\/div>\n<\/div>\n\n\n\n<p><\/p>\n","protected":false},"excerpt":{"rendered":"<p>Attentifs \u00e0 l&rsquo;\u00e9volution de notre m\u00e9tier et sensibles aux questions du d\u00e9veloppement durable, nous nous investissons quotidiennement dans la Recherche et le D\u00e9veloppement. Ainsi, nous concevons dans nos ateliers de nouvelles machines\/robots et de nouveaux packaging pour, non seulement r\u00e9pondre&hellip;<\/p>\n","protected":false},"author":1,"featured_media":0,"parent":0,"menu_order":0,"comment_status":"closed","ping_status":"closed","template":"","meta":{"_exactmetrics_skip_tracking":false,"_exactmetrics_sitenote_active":false,"_exactmetrics_sitenote_note":"","_exactmetrics_sitenote_category":0,"footnotes":""},"class_list":["post-34","page","type-page","status-publish","hentry","entry","no-media"],"yoast_head":"<!-- This site is optimized with the Yoast SEO plugin v27.4 - https:\/\/yoast.com\/product\/yoast-seo-wordpress\/ -->\n<title>R&amp;D - Sp\u00e9cialiste en \u00e9quipement de conditionnement depuis 20 ans<\/title>\n<meta name=\"description\" content=\"Attentifs \u00e0 l&#039;\u00e9volution de notre m\u00e9tier et aux questions de d\u00e9veloppement durable, nous nous investissons dans la R&amp;D.\" \/>\n<meta name=\"robots\" content=\"index, follow, max-snippet:-1, max-image-preview:large, max-video-preview:-1\" \/>\n<link rel=\"canonical\" href=\"https:\/\/atiouest.fr\/index.php\/recherche-developpement\/\" \/>\n<meta property=\"og:locale\" content=\"fr_FR\" \/>\n<meta property=\"og:type\" content=\"article\" \/>\n<meta property=\"og:title\" content=\"R&amp;D - Sp\u00e9cialiste en \u00e9quipement de conditionnement depuis 20 ans\" \/>\n<meta property=\"og:description\" content=\"Attentifs \u00e0 l&#039;\u00e9volution de notre m\u00e9tier et aux questions de d\u00e9veloppement durable, nous nous investissons dans la R&amp;D.\" \/>\n<meta property=\"og:url\" content=\"https:\/\/atiouest.fr\/index.php\/recherche-developpement\/\" \/>\n<meta property=\"og:site_name\" content=\"Sp\u00e9cialiste en \u00e9quipement de conditionnement depuis 20 ans\" \/>\n<meta property=\"article:publisher\" content=\"https:\/\/www.facebook.com\/atiouest56\/\" \/>\n<meta property=\"article:modified_time\" content=\"2023-04-03T08:31:10+00:00\" \/>\n<meta property=\"og:image\" content=\"https:\/\/atiouest.fr\/wp-content\/uploads\/2020\/12\/atiouest-atelier-1.png\" \/>\n<meta name=\"twitter:card\" content=\"summary_large_image\" \/>\n<meta name=\"twitter:label1\" content=\"Dur\u00e9e de lecture estim\u00e9e\" \/>\n\t<meta name=\"twitter:data1\" content=\"2 minutes\" \/>\n<script type=\"application\/ld+json\" class=\"yoast-schema-graph\">{\"@context\":\"https:\\\/\\\/schema.org\",\"@graph\":[{\"@type\":\"WebPage\",\"@id\":\"https:\\\/\\\/atiouest.fr\\\/index.php\\\/recherche-developpement\\\/\",\"url\":\"https:\\\/\\\/atiouest.fr\\\/index.php\\\/recherche-developpement\\\/\",\"name\":\"R&D - Sp\u00e9cialiste en \u00e9quipement de conditionnement depuis 20 ans\",\"isPartOf\":{\"@id\":\"https:\\\/\\\/atiouest.fr\\\/#website\"},\"primaryImageOfPage\":{\"@id\":\"https:\\\/\\\/atiouest.fr\\\/index.php\\\/recherche-developpement\\\/#primaryimage\"},\"image\":{\"@id\":\"https:\\\/\\\/atiouest.fr\\\/index.php\\\/recherche-developpement\\\/#primaryimage\"},\"thumbnailUrl\":\"https:\\\/\\\/atiouest.fr\\\/wp-content\\\/uploads\\\/2020\\\/12\\\/atiouest-atelier-1.png\",\"datePublished\":\"2020-12-28T17:35:42+00:00\",\"dateModified\":\"2023-04-03T08:31:10+00:00\",\"description\":\"Attentifs \u00e0 l'\u00e9volution de notre m\u00e9tier et aux questions de d\u00e9veloppement durable, nous nous investissons dans la R&D.\",\"breadcrumb\":{\"@id\":\"https:\\\/\\\/atiouest.fr\\\/index.php\\\/recherche-developpement\\\/#breadcrumb\"},\"inLanguage\":\"fr-FR\",\"potentialAction\":[{\"@type\":\"ReadAction\",\"target\":[\"https:\\\/\\\/atiouest.fr\\\/index.php\\\/recherche-developpement\\\/\"]}]},{\"@type\":\"ImageObject\",\"inLanguage\":\"fr-FR\",\"@id\":\"https:\\\/\\\/atiouest.fr\\\/index.php\\\/recherche-developpement\\\/#primaryimage\",\"url\":\"https:\\\/\\\/atiouest.fr\\\/wp-content\\\/uploads\\\/2020\\\/12\\\/atiouest-atelier-1.png\",\"contentUrl\":\"https:\\\/\\\/atiouest.fr\\\/wp-content\\\/uploads\\\/2020\\\/12\\\/atiouest-atelier-1.png\",\"width\":600,\"height\":326},{\"@type\":\"BreadcrumbList\",\"@id\":\"https:\\\/\\\/atiouest.fr\\\/index.php\\\/recherche-developpement\\\/#breadcrumb\",\"itemListElement\":[{\"@type\":\"ListItem\",\"position\":1,\"name\":\"Accueil\",\"item\":\"https:\\\/\\\/atiouest.fr\\\/\"},{\"@type\":\"ListItem\",\"position\":2,\"name\":\"R&#038;D\"}]},{\"@type\":\"WebSite\",\"@id\":\"https:\\\/\\\/atiouest.fr\\\/#website\",\"url\":\"https:\\\/\\\/atiouest.fr\\\/\",\"name\":\"Sp\u00e9cialiste en \u00e9quipement de conditionnement depuis 20 ans\",\"description\":\"\",\"publisher\":{\"@id\":\"https:\\\/\\\/atiouest.fr\\\/#organization\"},\"potentialAction\":[{\"@type\":\"SearchAction\",\"target\":{\"@type\":\"EntryPoint\",\"urlTemplate\":\"https:\\\/\\\/atiouest.fr\\\/?s={search_term_string}\"},\"query-input\":{\"@type\":\"PropertyValueSpecification\",\"valueRequired\":true,\"valueName\":\"search_term_string\"}}],\"inLanguage\":\"fr-FR\"},{\"@type\":\"Organization\",\"@id\":\"https:\\\/\\\/atiouest.fr\\\/#organization\",\"name\":\"ATI-OUEST\",\"url\":\"https:\\\/\\\/atiouest.fr\\\/\",\"logo\":{\"@type\":\"ImageObject\",\"inLanguage\":\"fr-FR\",\"@id\":\"https:\\\/\\\/atiouest.fr\\\/#\\\/schema\\\/logo\\\/image\\\/\",\"url\":\"https:\\\/\\\/atiouest.fr\\\/wp-content\\\/uploads\\\/2020\\\/12\\\/logo-atiouest.png\",\"contentUrl\":\"https:\\\/\\\/atiouest.fr\\\/wp-content\\\/uploads\\\/2020\\\/12\\\/logo-atiouest.png\",\"width\":405,\"height\":160,\"caption\":\"ATI-OUEST\"},\"image\":{\"@id\":\"https:\\\/\\\/atiouest.fr\\\/#\\\/schema\\\/logo\\\/image\\\/\"},\"sameAs\":[\"https:\\\/\\\/www.facebook.com\\\/atiouest56\\\/\",\"https:\\\/\\\/www.instagram.com\\\/atiouest56\\\/?hl=fr\",\"https:\\\/\\\/fr.linkedin.com\\\/company\\\/ati-ouest\"]}]}<\/script>\n<!-- \/ Yoast SEO plugin. -->","yoast_head_json":{"title":"R&D - Sp\u00e9cialiste en \u00e9quipement de conditionnement depuis 20 ans","description":"Attentifs \u00e0 l'\u00e9volution de notre m\u00e9tier et aux questions de d\u00e9veloppement durable, nous nous investissons dans la R&D.","robots":{"index":"index","follow":"follow","max-snippet":"max-snippet:-1","max-image-preview":"max-image-preview:large","max-video-preview":"max-video-preview:-1"},"canonical":"https:\/\/atiouest.fr\/index.php\/recherche-developpement\/","og_locale":"fr_FR","og_type":"article","og_title":"R&D - Sp\u00e9cialiste en \u00e9quipement de conditionnement depuis 20 ans","og_description":"Attentifs \u00e0 l'\u00e9volution de notre m\u00e9tier et aux questions de d\u00e9veloppement durable, nous nous investissons dans la R&D.","og_url":"https:\/\/atiouest.fr\/index.php\/recherche-developpement\/","og_site_name":"Sp\u00e9cialiste en \u00e9quipement de conditionnement depuis 20 ans","article_publisher":"https:\/\/www.facebook.com\/atiouest56\/","article_modified_time":"2023-04-03T08:31:10+00:00","og_image":[{"url":"https:\/\/atiouest.fr\/wp-content\/uploads\/2020\/12\/atiouest-atelier-1.png","type":"","width":"","height":""}],"twitter_card":"summary_large_image","twitter_misc":{"Dur\u00e9e de lecture estim\u00e9e":"2 minutes"},"schema":{"@context":"https:\/\/schema.org","@graph":[{"@type":"WebPage","@id":"https:\/\/atiouest.fr\/index.php\/recherche-developpement\/","url":"https:\/\/atiouest.fr\/index.php\/recherche-developpement\/","name":"R&D - Sp\u00e9cialiste en \u00e9quipement de conditionnement depuis 20 ans","isPartOf":{"@id":"https:\/\/atiouest.fr\/#website"},"primaryImageOfPage":{"@id":"https:\/\/atiouest.fr\/index.php\/recherche-developpement\/#primaryimage"},"image":{"@id":"https:\/\/atiouest.fr\/index.php\/recherche-developpement\/#primaryimage"},"thumbnailUrl":"https:\/\/atiouest.fr\/wp-content\/uploads\/2020\/12\/atiouest-atelier-1.png","datePublished":"2020-12-28T17:35:42+00:00","dateModified":"2023-04-03T08:31:10+00:00","description":"Attentifs \u00e0 l'\u00e9volution de notre m\u00e9tier et aux questions de d\u00e9veloppement durable, nous nous investissons dans la R&D.","breadcrumb":{"@id":"https:\/\/atiouest.fr\/index.php\/recherche-developpement\/#breadcrumb"},"inLanguage":"fr-FR","potentialAction":[{"@type":"ReadAction","target":["https:\/\/atiouest.fr\/index.php\/recherche-developpement\/"]}]},{"@type":"ImageObject","inLanguage":"fr-FR","@id":"https:\/\/atiouest.fr\/index.php\/recherche-developpement\/#primaryimage","url":"https:\/\/atiouest.fr\/wp-content\/uploads\/2020\/12\/atiouest-atelier-1.png","contentUrl":"https:\/\/atiouest.fr\/wp-content\/uploads\/2020\/12\/atiouest-atelier-1.png","width":600,"height":326},{"@type":"BreadcrumbList","@id":"https:\/\/atiouest.fr\/index.php\/recherche-developpement\/#breadcrumb","itemListElement":[{"@type":"ListItem","position":1,"name":"Accueil","item":"https:\/\/atiouest.fr\/"},{"@type":"ListItem","position":2,"name":"R&#038;D"}]},{"@type":"WebSite","@id":"https:\/\/atiouest.fr\/#website","url":"https:\/\/atiouest.fr\/","name":"Sp\u00e9cialiste en \u00e9quipement de conditionnement depuis 20 ans","description":"","publisher":{"@id":"https:\/\/atiouest.fr\/#organization"},"potentialAction":[{"@type":"SearchAction","target":{"@type":"EntryPoint","urlTemplate":"https:\/\/atiouest.fr\/?s={search_term_string}"},"query-input":{"@type":"PropertyValueSpecification","valueRequired":true,"valueName":"search_term_string"}}],"inLanguage":"fr-FR"},{"@type":"Organization","@id":"https:\/\/atiouest.fr\/#organization","name":"ATI-OUEST","url":"https:\/\/atiouest.fr\/","logo":{"@type":"ImageObject","inLanguage":"fr-FR","@id":"https:\/\/atiouest.fr\/#\/schema\/logo\/image\/","url":"https:\/\/atiouest.fr\/wp-content\/uploads\/2020\/12\/logo-atiouest.png","contentUrl":"https:\/\/atiouest.fr\/wp-content\/uploads\/2020\/12\/logo-atiouest.png","width":405,"height":160,"caption":"ATI-OUEST"},"image":{"@id":"https:\/\/atiouest.fr\/#\/schema\/logo\/image\/"},"sameAs":["https:\/\/www.facebook.com\/atiouest56\/","https:\/\/www.instagram.com\/atiouest56\/?hl=fr","https:\/\/fr.linkedin.com\/company\/ati-ouest"]}]}},"_links":{"self":[{"href":"https:\/\/atiouest.fr\/index.php\/wp-json\/wp\/v2\/pages\/34","targetHints":{"allow":["GET"]}}],"collection":[{"href":"https:\/\/atiouest.fr\/index.php\/wp-json\/wp\/v2\/pages"}],"about":[{"href":"https:\/\/atiouest.fr\/index.php\/wp-json\/wp\/v2\/types\/page"}],"author":[{"embeddable":true,"href":"https:\/\/atiouest.fr\/index.php\/wp-json\/wp\/v2\/users\/1"}],"replies":[{"embeddable":true,"href":"https:\/\/atiouest.fr\/index.php\/wp-json\/wp\/v2\/comments?post=34"}],"version-history":[{"count":71,"href":"https:\/\/atiouest.fr\/index.php\/wp-json\/wp\/v2\/pages\/34\/revisions"}],"predecessor-version":[{"id":1342,"href":"https:\/\/atiouest.fr\/index.php\/wp-json\/wp\/v2\/pages\/34\/revisions\/1342"}],"wp:attachment":[{"href":"https:\/\/atiouest.fr\/index.php\/wp-json\/wp\/v2\/media?parent=34"}],"curies":[{"name":"wp","href":"https:\/\/api.w.org\/{rel}","templated":true}]}}