{"id":36,"date":"2020-12-28T18:36:17","date_gmt":"2020-12-28T17:36:17","guid":{"rendered":"https:\/\/atiouest.fr\/?page_id=36"},"modified":"2023-04-03T10:23:07","modified_gmt":"2023-04-03T08:23:07","slug":"s-a-v","status":"publish","type":"page","link":"https:\/\/atiouest.fr\/index.php\/s-a-v\/","title":{"rendered":"MAINTENANCE ET SAV"},"content":{"rendered":"\n<div style=\"height:50px\" aria-hidden=\"true\" class=\"wp-block-spacer\"><\/div>\n\n\n\n<p>Gr\u00e2ce \u00e0 notre travail en r\u00e9seau, nous nous engageons \u00e0 faire<strong> intervenir rapidement<\/strong> nos techniciens et nos partenaires techniques <strong>sur<\/strong> <strong>l&rsquo;ensemble du territoire fran\u00e7ais<\/strong> pour :<\/p>\n\n\n\n<ul class=\"wp-block-list\">\n<li>des interventions <strong>pr\u00e9ventives<\/strong> ou <strong>curatives<\/strong><\/li>\n\n\n\n<li>des <strong>interventions ponctuelles<\/strong> sur demande<\/li>\n\n\n\n<li>des <strong>interventions r\u00e9currentes<\/strong> suivant vos <strong>contrats de maintenance<\/strong><\/li>\n\n\n\n<li><strong>la fourniture \/ pose de pi\u00e8ces d\u00e9tach\u00e9es<\/strong> (cordons de chauffe, r\u00e9sistances, joints, lames de d\u00e9coupe, sondes, cha\u00eenes \u00e0 pinces, &#8230;)<\/li>\n<\/ul>\n\n\n\n<div style=\"height:30px\" aria-hidden=\"true\" class=\"wp-block-spacer\"><\/div>\n\n\n\n<p>En collaboration avec notre r\u00e9seau de partenaires, nous vous proposons \u00e9galement des <strong>prestations de service<\/strong> telles que : <\/p>\n\n\n\n<ul class=\"wp-block-list\">\n<li>t\u00e9flonnage<\/li>\n\n\n\n<li>modification \/ adaptation d&rsquo;outillages existants<\/li>\n\n\n\n<li>r\u00e9alisation d&rsquo;outillages neufs Sur toutes marques d&rsquo;operculeuse et de thermoformeuse<\/li>\n<\/ul>\n\n\n\n<div style=\"height:40px\" aria-hidden=\"true\" class=\"wp-block-spacer\"><\/div>\n\n\n\n<div class=\"wp-block-buttons is-content-justification-center is-layout-flex wp-container-core-buttons-is-layout-16018d1d wp-block-buttons-is-layout-flex\">\n\n\n<div class=\"wp-block-button\"><a class=\"wp-block-button__link has-background wp-element-button\" href=\"mailto:ati-ouest@orange.fr \" style=\"background-color:#009de0\">CONTACTEZ-NOUS<\/a><\/div>\n<\/div>\n\n\n\n<p><\/p>\n","protected":false},"excerpt":{"rendered":"<p>Gr\u00e2ce \u00e0 notre travail en r\u00e9seau, nous nous engageons \u00e0 faire intervenir rapidement nos techniciens et nos partenaires techniques sur l&rsquo;ensemble du territoire fran\u00e7ais pour : En collaboration avec notre r\u00e9seau de partenaires, nous vous proposons \u00e9galement des prestations de&hellip;<\/p>\n","protected":false},"author":1,"featured_media":0,"parent":0,"menu_order":0,"comment_status":"closed","ping_status":"closed","template":"","meta":{"_exactmetrics_skip_tracking":false,"_exactmetrics_sitenote_active":false,"_exactmetrics_sitenote_note":"","_exactmetrics_sitenote_category":0,"footnotes":""},"class_list":["post-36","page","type-page","status-publish","hentry","entry","no-media"],"yoast_head":"<!-- This site is optimized with the Yoast SEO plugin v27.5 - https:\/\/yoast.com\/product\/yoast-seo-wordpress\/ -->\n<title>MAINTENANCE ET SAV - Sp\u00e9cialiste en \u00e9quipement de conditionnement depuis 20 ans<\/title>\n<meta name=\"description\" content=\"Depuis 2010, ATI-OUEST, s&#039;engage \u00e0 intervenir rapidement sur l&#039;ensemble du territoire fran\u00e7ais pour des missions de maintenance et de SAV.\" \/>\n<meta name=\"robots\" content=\"index, follow, max-snippet:-1, max-image-preview:large, max-video-preview:-1\" \/>\n<link rel=\"canonical\" href=\"https:\/\/atiouest.fr\/index.php\/s-a-v\/\" \/>\n<meta property=\"og:locale\" content=\"fr_FR\" \/>\n<meta property=\"og:type\" content=\"article\" \/>\n<meta property=\"og:title\" content=\"MAINTENANCE ET SAV - Sp\u00e9cialiste en \u00e9quipement de conditionnement depuis 20 ans\" \/>\n<meta property=\"og:description\" content=\"Depuis 2010, ATI-OUEST, s&#039;engage \u00e0 intervenir rapidement sur l&#039;ensemble du territoire fran\u00e7ais pour des missions de maintenance et de SAV.\" \/>\n<meta property=\"og:url\" content=\"https:\/\/atiouest.fr\/index.php\/s-a-v\/\" \/>\n<meta property=\"og:site_name\" content=\"Sp\u00e9cialiste en \u00e9quipement de conditionnement depuis 20 ans\" \/>\n<meta property=\"article:publisher\" content=\"https:\/\/www.facebook.com\/atiouest56\/\" \/>\n<meta property=\"article:modified_time\" content=\"2023-04-03T08:23:07+00:00\" \/>\n<meta name=\"twitter:card\" content=\"summary_large_image\" \/>\n<meta name=\"twitter:label1\" content=\"Dur\u00e9e de lecture estim\u00e9e\" \/>\n\t<meta name=\"twitter:data1\" content=\"1 minute\" \/>\n<script type=\"application\/ld+json\" class=\"yoast-schema-graph\">{\"@context\":\"https:\\\/\\\/schema.org\",\"@graph\":[{\"@type\":\"WebPage\",\"@id\":\"https:\\\/\\\/atiouest.fr\\\/index.php\\\/s-a-v\\\/\",\"url\":\"https:\\\/\\\/atiouest.fr\\\/index.php\\\/s-a-v\\\/\",\"name\":\"MAINTENANCE ET SAV - Sp\u00e9cialiste en \u00e9quipement de conditionnement depuis 20 ans\",\"isPartOf\":{\"@id\":\"https:\\\/\\\/atiouest.fr\\\/#website\"},\"datePublished\":\"2020-12-28T17:36:17+00:00\",\"dateModified\":\"2023-04-03T08:23:07+00:00\",\"description\":\"Depuis 2010, ATI-OUEST, s'engage \u00e0 intervenir rapidement sur l'ensemble du territoire fran\u00e7ais pour des missions de maintenance et de SAV.\",\"breadcrumb\":{\"@id\":\"https:\\\/\\\/atiouest.fr\\\/index.php\\\/s-a-v\\\/#breadcrumb\"},\"inLanguage\":\"fr-FR\",\"potentialAction\":[{\"@type\":\"ReadAction\",\"target\":[\"https:\\\/\\\/atiouest.fr\\\/index.php\\\/s-a-v\\\/\"]}]},{\"@type\":\"BreadcrumbList\",\"@id\":\"https:\\\/\\\/atiouest.fr\\\/index.php\\\/s-a-v\\\/#breadcrumb\",\"itemListElement\":[{\"@type\":\"ListItem\",\"position\":1,\"name\":\"Accueil\",\"item\":\"https:\\\/\\\/atiouest.fr\\\/\"},{\"@type\":\"ListItem\",\"position\":2,\"name\":\"MAINTENANCE ET SAV\"}]},{\"@type\":\"WebSite\",\"@id\":\"https:\\\/\\\/atiouest.fr\\\/#website\",\"url\":\"https:\\\/\\\/atiouest.fr\\\/\",\"name\":\"Sp\u00e9cialiste en \u00e9quipement de conditionnement depuis 20 ans\",\"description\":\"\",\"publisher\":{\"@id\":\"https:\\\/\\\/atiouest.fr\\\/#organization\"},\"potentialAction\":[{\"@type\":\"SearchAction\",\"target\":{\"@type\":\"EntryPoint\",\"urlTemplate\":\"https:\\\/\\\/atiouest.fr\\\/?s={search_term_string}\"},\"query-input\":{\"@type\":\"PropertyValueSpecification\",\"valueRequired\":true,\"valueName\":\"search_term_string\"}}],\"inLanguage\":\"fr-FR\"},{\"@type\":\"Organization\",\"@id\":\"https:\\\/\\\/atiouest.fr\\\/#organization\",\"name\":\"ATI-OUEST\",\"url\":\"https:\\\/\\\/atiouest.fr\\\/\",\"logo\":{\"@type\":\"ImageObject\",\"inLanguage\":\"fr-FR\",\"@id\":\"https:\\\/\\\/atiouest.fr\\\/#\\\/schema\\\/logo\\\/image\\\/\",\"url\":\"https:\\\/\\\/atiouest.fr\\\/wp-content\\\/uploads\\\/2020\\\/12\\\/logo-atiouest.png\",\"contentUrl\":\"https:\\\/\\\/atiouest.fr\\\/wp-content\\\/uploads\\\/2020\\\/12\\\/logo-atiouest.png\",\"width\":405,\"height\":160,\"caption\":\"ATI-OUEST\"},\"image\":{\"@id\":\"https:\\\/\\\/atiouest.fr\\\/#\\\/schema\\\/logo\\\/image\\\/\"},\"sameAs\":[\"https:\\\/\\\/www.facebook.com\\\/atiouest56\\\/\",\"https:\\\/\\\/www.instagram.com\\\/atiouest56\\\/?hl=fr\",\"https:\\\/\\\/fr.linkedin.com\\\/company\\\/ati-ouest\"]}]}<\/script>\n<!-- \/ Yoast SEO plugin. -->","yoast_head_json":{"title":"MAINTENANCE ET SAV - Sp\u00e9cialiste en \u00e9quipement de conditionnement depuis 20 ans","description":"Depuis 2010, ATI-OUEST, s'engage \u00e0 intervenir rapidement sur l'ensemble du territoire fran\u00e7ais pour des missions de maintenance et de SAV.","robots":{"index":"index","follow":"follow","max-snippet":"max-snippet:-1","max-image-preview":"max-image-preview:large","max-video-preview":"max-video-preview:-1"},"canonical":"https:\/\/atiouest.fr\/index.php\/s-a-v\/","og_locale":"fr_FR","og_type":"article","og_title":"MAINTENANCE ET SAV - Sp\u00e9cialiste en \u00e9quipement de conditionnement depuis 20 ans","og_description":"Depuis 2010, ATI-OUEST, s'engage \u00e0 intervenir rapidement sur l'ensemble du territoire fran\u00e7ais pour des missions de maintenance et de SAV.","og_url":"https:\/\/atiouest.fr\/index.php\/s-a-v\/","og_site_name":"Sp\u00e9cialiste en \u00e9quipement de conditionnement depuis 20 ans","article_publisher":"https:\/\/www.facebook.com\/atiouest56\/","article_modified_time":"2023-04-03T08:23:07+00:00","twitter_card":"summary_large_image","twitter_misc":{"Dur\u00e9e de lecture estim\u00e9e":"1 minute"},"schema":{"@context":"https:\/\/schema.org","@graph":[{"@type":"WebPage","@id":"https:\/\/atiouest.fr\/index.php\/s-a-v\/","url":"https:\/\/atiouest.fr\/index.php\/s-a-v\/","name":"MAINTENANCE ET SAV - Sp\u00e9cialiste en \u00e9quipement de conditionnement depuis 20 ans","isPartOf":{"@id":"https:\/\/atiouest.fr\/#website"},"datePublished":"2020-12-28T17:36:17+00:00","dateModified":"2023-04-03T08:23:07+00:00","description":"Depuis 2010, ATI-OUEST, s'engage \u00e0 intervenir rapidement sur l'ensemble du territoire fran\u00e7ais pour des missions de maintenance et de SAV.","breadcrumb":{"@id":"https:\/\/atiouest.fr\/index.php\/s-a-v\/#breadcrumb"},"inLanguage":"fr-FR","potentialAction":[{"@type":"ReadAction","target":["https:\/\/atiouest.fr\/index.php\/s-a-v\/"]}]},{"@type":"BreadcrumbList","@id":"https:\/\/atiouest.fr\/index.php\/s-a-v\/#breadcrumb","itemListElement":[{"@type":"ListItem","position":1,"name":"Accueil","item":"https:\/\/atiouest.fr\/"},{"@type":"ListItem","position":2,"name":"MAINTENANCE ET SAV"}]},{"@type":"WebSite","@id":"https:\/\/atiouest.fr\/#website","url":"https:\/\/atiouest.fr\/","name":"Sp\u00e9cialiste en \u00e9quipement de conditionnement depuis 20 ans","description":"","publisher":{"@id":"https:\/\/atiouest.fr\/#organization"},"potentialAction":[{"@type":"SearchAction","target":{"@type":"EntryPoint","urlTemplate":"https:\/\/atiouest.fr\/?s={search_term_string}"},"query-input":{"@type":"PropertyValueSpecification","valueRequired":true,"valueName":"search_term_string"}}],"inLanguage":"fr-FR"},{"@type":"Organization","@id":"https:\/\/atiouest.fr\/#organization","name":"ATI-OUEST","url":"https:\/\/atiouest.fr\/","logo":{"@type":"ImageObject","inLanguage":"fr-FR","@id":"https:\/\/atiouest.fr\/#\/schema\/logo\/image\/","url":"https:\/\/atiouest.fr\/wp-content\/uploads\/2020\/12\/logo-atiouest.png","contentUrl":"https:\/\/atiouest.fr\/wp-content\/uploads\/2020\/12\/logo-atiouest.png","width":405,"height":160,"caption":"ATI-OUEST"},"image":{"@id":"https:\/\/atiouest.fr\/#\/schema\/logo\/image\/"},"sameAs":["https:\/\/www.facebook.com\/atiouest56\/","https:\/\/www.instagram.com\/atiouest56\/?hl=fr","https:\/\/fr.linkedin.com\/company\/ati-ouest"]}]}},"_links":{"self":[{"href":"https:\/\/atiouest.fr\/index.php\/wp-json\/wp\/v2\/pages\/36","targetHints":{"allow":["GET"]}}],"collection":[{"href":"https:\/\/atiouest.fr\/index.php\/wp-json\/wp\/v2\/pages"}],"about":[{"href":"https:\/\/atiouest.fr\/index.php\/wp-json\/wp\/v2\/types\/page"}],"author":[{"embeddable":true,"href":"https:\/\/atiouest.fr\/index.php\/wp-json\/wp\/v2\/users\/1"}],"replies":[{"embeddable":true,"href":"https:\/\/atiouest.fr\/index.php\/wp-json\/wp\/v2\/comments?post=36"}],"version-history":[{"count":19,"href":"https:\/\/atiouest.fr\/index.php\/wp-json\/wp\/v2\/pages\/36\/revisions"}],"predecessor-version":[{"id":1344,"href":"https:\/\/atiouest.fr\/index.php\/wp-json\/wp\/v2\/pages\/36\/revisions\/1344"}],"wp:attachment":[{"href":"https:\/\/atiouest.fr\/index.php\/wp-json\/wp\/v2\/media?parent=36"}],"curies":[{"name":"wp","href":"https:\/\/api.w.org\/{rel}","templated":true}]}}